{"id":14,"date":"2021-10-08T17:26:45","date_gmt":"2021-10-08T15:26:45","guid":{"rendered":"http:\/\/ewww.fotk.dk\/wordpress\/?page_id=14"},"modified":"2025-08-23T08:26:30","modified_gmt":"2025-08-23T06:26:30","slug":"om-os","status":"publish","type":"page","link":"https:\/\/fotk.dk\/wordpress\/om-os\/","title":{"rendered":"Om os"},"content":{"rendered":"\t\t<div data-elementor-type=\"wp-page\" data-elementor-id=\"14\" class=\"elementor elementor-14\">\n\t\t\t\t\t\t<section class=\"elementor-section elementor-top-section elementor-element elementor-element-2245390 elementor-section-boxed elementor-section-height-default elementor-section-height-default\" data-id=\"2245390\" data-element_type=\"section\">\n\t\t\t\t\t\t<div class=\"elementor-container elementor-column-gap-default\">\n\t\t\t\t\t<div class=\"elementor-column elementor-col-100 elementor-top-column elementor-element elementor-element-3b947bd\" data-id=\"3b947bd\" data-element_type=\"column\">\n\t\t\t<div class=\"elementor-widget-wrap elementor-element-populated\">\n\t\t\t\t\t\t<div class=\"elementor-element elementor-element-f23f5d2 elementor-widget__width-initial elementor-widget elementor-widget-text-editor\" data-id=\"f23f5d2\" data-element_type=\"widget\" data-widget_type=\"text-editor.default\">\n\t\t\t\t<div class=\"elementor-widget-container\">\n\t\t\t<style>\/*! elementor - v3.21.0 - 26-05-2024 *\/\n.elementor-widget-text-editor.elementor-drop-cap-view-stacked .elementor-drop-cap{background-color:#69727d;color:#fff}.elementor-widget-text-editor.elementor-drop-cap-view-framed .elementor-drop-cap{color:#69727d;border:3px solid;background-color:transparent}.elementor-widget-text-editor:not(.elementor-drop-cap-view-default) .elementor-drop-cap{margin-top:8px}.elementor-widget-text-editor:not(.elementor-drop-cap-view-default) .elementor-drop-cap-letter{width:1em;height:1em}.elementor-widget-text-editor .elementor-drop-cap{float:left;text-align:center;line-height:1;font-size:50px}.elementor-widget-text-editor .elementor-drop-cap-letter{display:inline-block}<\/style>\t\t\t\t<p>Felsted og Omegns Tennisklub blev stiftet i 1991 og har siden v\u00e6ret rammen om mange hyggelige og sjove aktiviteter \u00e5ret rundt. Her er plads til b\u00e5de nybegyndere og \u00f8vede \u2013 og til dig, der bare har lyst til at pr\u00f8ve kr\u00e6fter med tennis p\u00e5 motions niveau.<\/p><p>Vi tilbyder hvert \u00e5r tr\u00e6ning for b\u00e5de b\u00f8rn og voksne, og vi fors\u00f8ger altid at stille en tr\u00e6ner til r\u00e5dighed. P\u00e5 klubbens hjemmeside <a href=\"http:\/\/www.fotk.dk\">www.fotk.dk<\/a> kan du se, hvorn\u00e5r der er tr\u00e6ning, klubaften (Drop In), og hvilke andre aktiviteter vi har p\u00e5 programmet.<\/p><p>Vi r\u00e5der over tre dejlige udend\u00f8rs tennisbaner \u2013 heraf \u00e9n moderne kunststofbane, som blev etableret i 2018 i samarbejde med Felsted Idr\u00e6tsforening. Kunststofbanen kan bruges til b\u00e5de tennis og fodbold og er ofte spilbar \u00e5ret rundt, afh\u00e6ngigt af vejret.<\/p><p>Vi blev i 2021 k\u00e5ret af DGI som en af tennissportens \u201ch\u00f8jdespringere\u201d, F\u00f8r corona oplevede vi stor medlemsfremgang, og i dag har klubben et stabilt medlemstal omkring 60 engagerede medlemmer.<\/p><p>Er du ny i tennis, tilbyder vi gratis pr\u00f8vetimer. Og hvis du mangler en makker, er vores popul\u00e6re Drop In-aften om mandagen i sommerperioden en oplagt mulighed for at m\u00f8de andre spillere \u2013 uanset niveau. Du kan ogs\u00e5 \u00f8ve dig med klubbens boldmaskine.<\/p><p>Vi holder meget af det sociale samv\u00e6r. Sommeren igennem arrangeres s\u00e5kaldte \u201dR\u00f8dvinsturneringer\u201d. Hvor netop det hyggelige samv\u00e6r er i h\u00f8js\u00e6det, naturligvis med en p\u00f8lse, kold \u00f8l eller en vand til sidst.<\/p><p>Om vinteren spiller vi indend\u00f8rs bordtennis p\u00e5 den tyske skole.<\/p><p>Der arbejdes p\u00e5, at vi fra efter\u00e5ret f\u00e5r mulighed for indend\u00f8rstennis i Felsted-Hallen, mere herom senere.<\/p><p>Vi g\u00f8r meget for at holde baner og omgivelser i god stand. Men det vigtigste er sammenholdet: Hos os er der h\u00f8jt til loftet, godt hum\u00f8r og plads til alle.<\/p><p>Vil du g\u00f8re noget godt for dig selv? S\u00e5 kom og bes\u00f8g os!<\/p><p>Her f\u00e5r du motion, f\u00e6llesskab og masser af gode grin \u2013 for det er, som vi siger: Tennis og godt selskab er vejen til et sundt, sjovt og langt liv.<\/p>\t\t\t\t\t\t<\/div>\n\t\t\t\t<\/div>\n\t\t\t\t\t<\/div>\n\t\t<\/div>\n\t\t\t\t\t<\/div>\n\t\t<\/section>\n\t\t\t\t<section class=\"elementor-section elementor-top-section elementor-element elementor-element-7dc74e8 elementor-section-boxed elementor-section-height-default elementor-section-height-default\" data-id=\"7dc74e8\" data-element_type=\"section\">\n\t\t\t\t\t\t<div class=\"elementor-container elementor-column-gap-default\">\n\t\t\t\t\t<div class=\"elementor-column elementor-col-100 elementor-top-column elementor-element elementor-element-7fa375f\" data-id=\"7fa375f\" data-element_type=\"column\" data-settings=\"{&quot;animation&quot;:&quot;none&quot;}\">\n\t\t\t<div class=\"elementor-widget-wrap elementor-element-populated\">\n\t\t\t\t\t\t<div class=\"elementor-element elementor-element-adb8975 animated-slow elementor-invisible elementor-widget elementor-widget-text-editor\" data-id=\"adb8975\" data-element_type=\"widget\" data-settings=\"{&quot;_animation&quot;:&quot;zoomIn&quot;,&quot;_animation_delay&quot;:1000}\" data-widget_type=\"text-editor.default\">\n\t\t\t\t<div class=\"elementor-widget-container\">\n\t\t\t\t\t\t\t<p>ET RART STED AT V\u00c6RE<\/p>\t\t\t\t\t\t<\/div>\n\t\t\t\t<\/div>\n\t\t\t\t<div class=\"elementor-element elementor-element-a9c8600 elementor-widget elementor-widget-heading\" data-id=\"a9c8600\" data-element_type=\"widget\" data-widget_type=\"heading.default\">\n\t\t\t\t<div class=\"elementor-widget-container\">\n\t\t\t<style>\/*! elementor - v3.21.0 - 26-05-2024 *\/\n.elementor-heading-title{padding:0;margin:0;line-height:1}.elementor-widget-heading .elementor-heading-title[class*=elementor-size-]>a{color:inherit;font-size:inherit;line-height:inherit}.elementor-widget-heading .elementor-heading-title.elementor-size-small{font-size:15px}.elementor-widget-heading .elementor-heading-title.elementor-size-medium{font-size:19px}.elementor-widget-heading .elementor-heading-title.elementor-size-large{font-size:29px}.elementor-widget-heading .elementor-heading-title.elementor-size-xl{font-size:39px}.elementor-widget-heading .elementor-heading-title.elementor-size-xxl{font-size:59px}<\/style><h2 class=\"elementor-heading-title elementor-size-default\">  Bestyrelsen 2025<\/h2>\t\t<\/div>\n\t\t\t\t<\/div>\n\t\t\t\t\t<\/div>\n\t\t<\/div>\n\t\t\t\t\t<\/div>\n\t\t<\/section>\n\t\t\t\t<section class=\"elementor-section elementor-top-section elementor-element elementor-element-e31cc49 elementor-section-boxed elementor-section-height-default elementor-section-height-default\" data-id=\"e31cc49\" data-element_type=\"section\">\n\t\t\t\t\t\t<div class=\"elementor-container elementor-column-gap-default\">\n\t\t\t\t\t<div class=\"elementor-column elementor-col-100 elementor-top-column elementor-element elementor-element-49a9f36\" data-id=\"49a9f36\" data-element_type=\"column\">\n\t\t\t<div class=\"elementor-widget-wrap elementor-element-populated\">\n\t\t\t\t\t\t<section class=\"elementor-section elementor-inner-section elementor-element elementor-element-3de23f9 elementor-section-boxed elementor-section-height-default elementor-section-height-default\" data-id=\"3de23f9\" data-element_type=\"section\">\n\t\t\t\t\t\t<div class=\"elementor-container elementor-column-gap-default\">\n\t\t\t\t\t<div class=\"elementor-column elementor-col-50 elementor-inner-column elementor-element elementor-element-23ee762\" data-id=\"23ee762\" data-element_type=\"column\">\n\t\t\t<div class=\"elementor-widget-wrap elementor-element-populated\">\n\t\t\t\t\t\t<div class=\"elementor-element elementor-element-b34566b elementor-widget__width-initial elementor-widget elementor-widget-text-editor\" data-id=\"b34566b\" data-element_type=\"widget\" data-widget_type=\"text-editor.default\">\n\t\t\t\t<div class=\"elementor-widget-container\">\n\t\t\t\t\t\t\t<p><strong>Hans J\u00f8rgren Dueholm (formand)<\/strong><\/p><p><strong>Mail: dueholm@mail.dk<\/strong><\/p><p><strong>Mobil: +45 5142 7453<\/strong><\/p><p>\u00a0<\/p><p><span style=\"font-variant-ligatures: normal; font-variant-caps: normal; font-family: Roboto, sans-serif; font-size: 21px; font-style: normal; font-weight: 600;\">Jens B\u00f8ge Nielsen (n\u00e6stformand)<\/span><\/p><p style=\"font-variant-ligatures: normal; font-variant-caps: normal; font-family: Roboto, sans-serif; font-size: 21px; font-style: normal; font-weight: 600;\"><span style=\"font-variant-ligatures: normal; font-variant-caps: normal; font-family: Roboto, sans-serif; font-size: 21px; font-style: normal; font-weight: 600;\">Mail: jbn@jbn-trading.com<\/span><\/p><p style=\"font-variant-ligatures: normal; font-variant-caps: normal; font-family: Roboto, sans-serif; font-size: 21px; font-style: normal; font-weight: 600;\"><span style=\"font-variant-ligatures: normal; font-variant-caps: normal; font-family: Roboto, sans-serif; font-size: 21px; font-style: normal; font-weight: 600;\">Mobil: +45 3132 3989<\/span><\/p><p>\u00a0<\/p><p style=\"font-variant-ligatures: normal; font-variant-caps: normal; font-family: Roboto, sans-serif; font-size: 21px; font-style: normal; font-weight: 600;\"><span style=\"font-variant-ligatures: normal; font-variant-caps: normal; font-family: Roboto, sans-serif; font-size: 21px; font-style: normal; font-weight: 600;\">Jens Staadsen<\/span><\/p><p>Mail: jenstaa@yahoo.com<\/p><p>Mobil: +45 9115 2048<\/p>\t\t\t\t\t\t<\/div>\n\t\t\t\t<\/div>\n\t\t\t\t\t<\/div>\n\t\t<\/div>\n\t\t\t\t<div class=\"elementor-column elementor-col-50 elementor-inner-column elementor-element elementor-element-cfa3b3a\" data-id=\"cfa3b3a\" data-element_type=\"column\">\n\t\t\t<div class=\"elementor-widget-wrap elementor-element-populated\">\n\t\t\t\t\t\t<div class=\"elementor-element elementor-element-e69b724 elementor-widget__width-initial elementor-widget elementor-widget-text-editor\" data-id=\"e69b724\" data-element_type=\"widget\" data-widget_type=\"text-editor.default\">\n\t\t\t\t<div class=\"elementor-widget-container\">\n\t\t\t\t\t\t\t<p><span style=\"font-size: 21px;\">Palle Hanfgarn<\/span><\/p><p>Mail: hanfgarn@svenet.dk<\/p><p>Mobil <span style=\"font-family: Roboto, sans-serif; font-size: 21px; font-style: normal; font-variant-ligatures: normal; font-variant-caps: normal; font-weight: 600;\">+45 5219 0121<\/span><\/p><p><span style=\"font-family: Roboto, sans-serif; font-size: 21px; font-style: normal; font-variant-ligatures: normal; font-variant-caps: normal; font-weight: 600;\">\u00a0<\/span><\/p><p>Sinna Hedevang (sekret\u00e6r)<\/p><p>Mail: hedevangholm@privat.dk<\/p><p>Mobil: +45 2363 7010<\/p><p><span style=\"font-family: Roboto, sans-serif; font-size: 21px; font-style: normal; font-variant-ligatures: normal; font-variant-caps: normal; font-weight: 600;\">\u00a0<\/span><\/p>\t\t\t\t\t\t<\/div>\n\t\t\t\t<\/div>\n\t\t\t\t\t<\/div>\n\t\t<\/div>\n\t\t\t\t\t<\/div>\n\t\t<\/section>\n\t\t\t\t\t<\/div>\n\t\t<\/div>\n\t\t\t\t\t<\/div>\n\t\t<\/section>\n\t\t\t\t<\/div>\n\t\t","protected":false},"excerpt":{"rendered":"<p>Felsted og Omegns Tennisklub blev stiftet i 1991 og har siden v\u00e6ret rammen om mange hyggelige og sjove aktiviteter \u00e5ret rundt. Her er plads til b\u00e5de nybegyndere og \u00f8vede \u2013 og til dig, der bare har lyst til at pr\u00f8ve kr\u00e6fter med tennis p\u00e5 motions niveau. Vi tilbyder hvert \u00e5r tr\u00e6ning for b\u00e5de b\u00f8rn og [&hellip;]<\/p>\n","protected":false},"author":1,"featured_media":0,"parent":0,"menu_order":0,"comment_status":"closed","ping_status":"closed","template":"","meta":{"ocean_post_layout":"full-screen","ocean_both_sidebars_style":"","ocean_both_sidebars_content_width":0,"ocean_both_sidebars_sidebars_width":0,"ocean_sidebar":"0","ocean_second_sidebar":"0","ocean_disable_margins":"on","ocean_add_body_class":"","ocean_shortcode_before_top_bar":"","ocean_shortcode_after_top_bar":"","ocean_shortcode_before_header":"","ocean_shortcode_after_header":"","ocean_has_shortcode":"","ocean_shortcode_after_title":"","ocean_shortcode_before_footer_widgets":"","ocean_shortcode_after_footer_widgets":"","ocean_shortcode_before_footer_bottom":"","ocean_shortcode_after_footer_bottom":"","ocean_display_top_bar":"off","ocean_display_header":"default","ocean_header_style":"","ocean_center_header_left_menu":"0","ocean_custom_header_template":"0","ocean_custom_logo":0,"ocean_custom_retina_logo":0,"ocean_custom_logo_max_width":0,"ocean_custom_logo_tablet_max_width":0,"ocean_custom_logo_mobile_max_width":0,"ocean_custom_logo_max_height":0,"ocean_custom_logo_tablet_max_height":0,"ocean_custom_logo_mobile_max_height":0,"ocean_header_custom_menu":"0","ocean_menu_typo_font_family":"0","ocean_menu_typo_font_subset":"","ocean_menu_typo_font_size":0,"ocean_menu_typo_font_size_tablet":0,"ocean_menu_typo_font_size_mobile":0,"ocean_menu_typo_font_size_unit":"px","ocean_menu_typo_font_weight":"","ocean_menu_typo_font_weight_tablet":"","ocean_menu_typo_font_weight_mobile":"","ocean_menu_typo_transform":"","ocean_menu_typo_transform_tablet":"","ocean_menu_typo_transform_mobile":"","ocean_menu_typo_line_height":0,"ocean_menu_typo_line_height_tablet":0,"ocean_menu_typo_line_height_mobile":0,"ocean_menu_typo_line_height_unit":"","ocean_menu_typo_spacing":0,"ocean_menu_typo_spacing_tablet":0,"ocean_menu_typo_spacing_mobile":0,"ocean_menu_typo_spacing_unit":"","ocean_menu_link_color":"","ocean_menu_link_color_hover":"","ocean_menu_link_color_active":"","ocean_menu_link_background":"","ocean_menu_link_hover_background":"","ocean_menu_link_active_background":"","ocean_menu_social_links_bg":"","ocean_menu_social_hover_links_bg":"","ocean_menu_social_links_color":"","ocean_menu_social_hover_links_color":"","ocean_disable_title":"on","ocean_disable_heading":"on","ocean_post_title":"","ocean_post_subheading":"","ocean_post_title_style":"","ocean_post_title_background_color":"","ocean_post_title_background":0,"ocean_post_title_bg_image_position":"","ocean_post_title_bg_image_attachment":"","ocean_post_title_bg_image_repeat":"","ocean_post_title_bg_image_size":"","ocean_post_title_height":0,"ocean_post_title_bg_overlay":0.5,"ocean_post_title_bg_overlay_color":"","ocean_disable_breadcrumbs":"default","ocean_breadcrumbs_color":"","ocean_breadcrumbs_separator_color":"","ocean_breadcrumbs_links_color":"","ocean_breadcrumbs_links_hover_color":"","ocean_display_footer_widgets":"default","ocean_display_footer_bottom":"on","ocean_custom_footer_template":"0"},"_links":{"self":[{"href":"https:\/\/fotk.dk\/wordpress\/wp-json\/wp\/v2\/pages\/14"}],"collection":[{"href":"https:\/\/fotk.dk\/wordpress\/wp-json\/wp\/v2\/pages"}],"about":[{"href":"https:\/\/fotk.dk\/wordpress\/wp-json\/wp\/v2\/types\/page"}],"author":[{"embeddable":true,"href":"https:\/\/fotk.dk\/wordpress\/wp-json\/wp\/v2\/users\/1"}],"replies":[{"embeddable":true,"href":"https:\/\/fotk.dk\/wordpress\/wp-json\/wp\/v2\/comments?post=14"}],"version-history":[{"count":177,"href":"https:\/\/fotk.dk\/wordpress\/wp-json\/wp\/v2\/pages\/14\/revisions"}],"predecessor-version":[{"id":2970,"href":"https:\/\/fotk.dk\/wordpress\/wp-json\/wp\/v2\/pages\/14\/revisions\/2970"}],"wp:attachment":[{"href":"https:\/\/fotk.dk\/wordpress\/wp-json\/wp\/v2\/media?parent=14"}],"curies":[{"name":"wp","href":"https:\/\/api.w.org\/{rel}","templated":true}]}}