{"id":2138,"date":"2025-02-24T11:40:43","date_gmt":"2025-02-24T10:40:43","guid":{"rendered":"https:\/\/fotk.dk\/wordpress\/?page_id=2138"},"modified":"2025-10-16T17:49:22","modified_gmt":"2025-10-16T15:49:22","slug":"vedtaegter","status":"publish","type":"page","link":"https:\/\/fotk.dk\/wordpress\/vedtaegter\/","title":{"rendered":"Vedt\u00e6gter"},"content":{"rendered":"\t\t<div data-elementor-type=\"wp-page\" data-elementor-id=\"2138\" class=\"elementor elementor-2138\">\n\t\t\t\t\t\t<section class=\"elementor-section elementor-top-section elementor-element elementor-element-1b76445 elementor-section-boxed elementor-section-height-default elementor-section-height-default\" data-id=\"1b76445\" data-element_type=\"section\">\n\t\t\t\t\t\t<div class=\"elementor-container elementor-column-gap-default\">\n\t\t\t\t\t<div class=\"elementor-column elementor-col-100 elementor-top-column elementor-element elementor-element-6e50afd\" data-id=\"6e50afd\" data-element_type=\"column\">\n\t\t\t<div class=\"elementor-widget-wrap elementor-element-populated\">\n\t\t\t\t\t\t<div class=\"elementor-element elementor-element-eb8609c elementor-widget elementor-widget-heading\" data-id=\"eb8609c\" data-element_type=\"widget\" data-widget_type=\"heading.default\">\n\t\t\t\t<div class=\"elementor-widget-container\">\n\t\t\t<style>\/*! elementor - v3.21.0 - 26-05-2024 *\/\n.elementor-heading-title{padding:0;margin:0;line-height:1}.elementor-widget-heading .elementor-heading-title[class*=elementor-size-]>a{color:inherit;font-size:inherit;line-height:inherit}.elementor-widget-heading .elementor-heading-title.elementor-size-small{font-size:15px}.elementor-widget-heading .elementor-heading-title.elementor-size-medium{font-size:19px}.elementor-widget-heading .elementor-heading-title.elementor-size-large{font-size:29px}.elementor-widget-heading .elementor-heading-title.elementor-size-xl{font-size:39px}.elementor-widget-heading .elementor-heading-title.elementor-size-xxl{font-size:59px}<\/style><h2 class=\"elementor-heading-title elementor-size-default\">Vedt\u00e6gter for<br>\nFelsted &amp; Omegns Tennisklub<br>\n(Revideret marts 2021)\n\n<\/h2>\t\t<\/div>\n\t\t\t\t<\/div>\n\t\t\t\t<div class=\"elementor-element elementor-element-5148ab4 elementor-widget elementor-widget-text-editor\" data-id=\"5148ab4\" data-element_type=\"widget\" data-widget_type=\"text-editor.default\">\n\t\t\t\t<div class=\"elementor-widget-container\">\n\t\t\t<style>\/*! elementor - v3.21.0 - 26-05-2024 *\/\n.elementor-widget-text-editor.elementor-drop-cap-view-stacked .elementor-drop-cap{background-color:#69727d;color:#fff}.elementor-widget-text-editor.elementor-drop-cap-view-framed .elementor-drop-cap{color:#69727d;border:3px solid;background-color:transparent}.elementor-widget-text-editor:not(.elementor-drop-cap-view-default) .elementor-drop-cap{margin-top:8px}.elementor-widget-text-editor:not(.elementor-drop-cap-view-default) .elementor-drop-cap-letter{width:1em;height:1em}.elementor-widget-text-editor .elementor-drop-cap{float:left;text-align:center;line-height:1;font-size:50px}.elementor-widget-text-editor .elementor-drop-cap-letter{display:inline-block}<\/style>\t\t\t\t<h1>\u00a7 1<\/h1><p><strong>Klubbens navn: <\/strong>Felsted &amp; Omegns Tennisklub og klubben har hjemsted i Aabenraa Kommune. Dens form\u00e5l er at udbrede kendskab til og f\u00e6rdighed i tennis i lokalsamfundet, samt fremskaffe de n\u00f8dvendige midler hertil. Klubben er oprettet 1991 og f\u00f8rste generalforsamling er afholdt i marts m\u00e5ned 1992.<\/p><h1>\u00a7 2<\/h1><p><strong>Medlemskab: <\/strong>Klubben er upolitisk. Den er medlem af DGI S\u00f8nderjylland og h\u00f8rer under DGI.<\/p><h1>\u00a7 3<\/h1><p><strong>Medlemmer: <\/strong>Bestyrelsen kan optage enhver som medlem, der vedkender sig disse vedt\u00e6gter. Medlemskabet er gyldigt, n\u00e5r kontingentet er betalt. Bestyrelsen kan i s\u00e6rlige tilf\u00e6lde n\u00e6gte optagelse. \u00c6resmedlemmer kan p\u00e5 bestyrelsens forslag v\u00e6lges af generalforsamlingen, n\u00e5r mindst 2\/3 af de afgivne stemmer er for forslaget.<\/p><h1>\u00a7 4<\/h1><p><strong>Kontingent: <\/strong>Kontingentet fasts\u00e6ttes af bestyrelsen, og skal betales forud for hver s\u00e6sons begyndelse. Gyldigt medlemskort g\u00e6lder som adgangskort til klubbens anl\u00e6g og skal forevises p\u00e5 forlangende.<\/p><h1>\u00a7 5<\/h1><p><strong>G\u00e6ster: <\/strong>G\u00e6ster kan spille p\u00e5 banerne i henhold til de af bestyrelsen fastsatte regler.<\/p><h1>\u00a7 6<\/h1><p><strong>Bestyrelsen<\/strong>: Bestyrelsen best\u00e5r af 5 medlemmer, hvoraf 3 bestyrelsesmedlemmer v\u00e6lges i lige \u00e5r p\u00e5 den ordin\u00e6re generalforsamling, og de 2 andre bestyrelsesmedlemmer v\u00e6lges i ulige \u00e5r. Medlemmer der er fyldt 16 \u00e5r, kan v\u00e6lges til bestyrelsen.<\/p><p>Hvis der p\u00e5 den ordin\u00e6re generalforsamling ikke kan v\u00e6lges et tilstr\u00e6kkelig antal personer til bestyrelsen, eller hvis der udtr\u00e6der nogen af bestyrelsen i l\u00f8bet af \u00e5ret, bemyndiger generalforsamlingen bestyrelsen til selv at supplere op eller evt. k\u00f8re til n\u00e6ste ordin\u00e6re generalforsamling uden at v\u00e6re fuldtallige<\/p><p>Bestyrelsen konstituerer sig selv med formand, n\u00e6stformand, sekret\u00e6r og en kasserer. Kan kassererposten ikke bes\u00e6ttes af et bestyrelsesmedlem, er bestyrelsen bemyndiget til at benytte sig af en ekstern kasserer eller antage l\u00f8nnet hj\u00e6lp til at f\u00e5 l\u00f8st bogholderfunktionen. En ekstern kasserer bliver ikke en del af bestyrelsen og deltager s\u00e5ledes ikke i det daglige bestyrelsesarbejde, men kan deltage i bestyrelsesm\u00f8derne, hvis bestyrelsen eller kassereren finder det n\u00f8dvendigt.<\/p><p>Bestyrelsen har bemyndigelse til at neds\u00e6tte en r\u00e6kke udvalg til varetagelse af klubbens aktiviteter. Disse udvalg kan udtages blandt bestyrelsen og klubbens menige medlemmer.<\/p><p>Formanden indkalder til bestyrelsesm\u00f8de n\u00e5r denne finder det n\u00f8dvendigt, eller n\u00e5r 2 af bestyrelsens medlemmer finder det n\u00f8dvendigt.<\/p><p>Bestyrelsen er kun beslutningsdygtig, n\u00e5r mindst halvdelen af dens medlemmer, heriblandt formand eller n\u00e6stformand er til stede. Bestyrelsens beslutninger tr\u00e6ffes ved almindeligt stemmeflertal. Ved stemmelighed er formandens stemme afg\u00f8rende.<\/p><h1>\u00a7 7<\/h1><p><strong>Protokol: <\/strong>Sekret\u00e6ren f\u00f8rer protokol over generalforsamling og bestyrelsesm\u00f8der. Referat fra generalforsamlingen skal v\u00e6re forsynet med dirigentens underskrift.<\/p><h1>\u00a7 8<\/h1><p><strong>Regnskab: <\/strong>Kassereren f\u00f8rer medlemskartotek og specificeret regnskab over klubbens indt\u00e6gter og udgifter. Regnskabs\u00e5ret f\u00f8lger kalender\u00e5ret.<\/p><p>Foreningen forpligtes ved underskrift af to af bestyrelsesmedlemmerne, hvoraf den ene skal v\u00e6re formanden. Dog ved k\u00f8b og salg af fast ejendom samt ved l\u00e5noptagelse af den samlede bestyrelse. Bestyrelsen kan meddele et udvalg eller en person fuldmagt til at foretage dispositioner p\u00e5 vegne af foreningen.<\/p><h1>\u00a7 9<\/h1><p><strong>H\u00e6ftelse og r\u00e5dighed: <\/strong>Bestyrelsen og klubbens \u00f8vrige medlemmer h\u00e6fter ikke personligt for klubbens forpligtelser.<\/p><p>Bestyrelsen har fri r\u00e5dighed til at anvende klubbens midler efter bedste sk\u00f8n og i klubbens interesse under ansvar overfor generalforsamlingen.<\/p><h1>\u00a7 10<\/h1><p><strong>Banerne: <\/strong>Bestyrelsen har overopsynet med banerne og tennisspillet. Det p\u00e5hviler bestyrelsen at udarbejde et banereglement og s\u00f8rge for dets overholdelse.<\/p><h1>\u00a7 11<\/h1><p><strong>Ordin\u00e6r generalforsamling: <\/strong>Generalforsamlingen er klubbens \u00f8verste myndighed. Bestyrelsen indkalder til ordin\u00e6r generalforsamling, der indvarsles enten ved annoncering i lokalavis eller ved skriftlig indkaldelse senest 14 dage f\u00f8r. Den ordin\u00e6re generalforsamling afholdes hvert \u00e5r i marts m\u00e5ned.<\/p><h1>Dagsorden for den ordin\u00e6re generalforsamling er f\u00f8lgende:<\/h1><ol><li><strong>Valg af dirigent<\/strong><\/li><li><strong>Bestyrelsens beretning<\/strong><\/li><li><strong>Forel\u00e6ggelse af det reviderede regnskab til godkendelse<\/strong><\/li><li><strong>Indkomne forslag<\/strong><\/li><li><strong>Valg:<\/strong><ol><li><strong>valg af bestyrelsesmedlemmer jfr. \u00a7 6<\/strong><\/li><li><strong>Valg af 2 revisorer<\/strong><\/li><\/ol><\/li><li><strong>Eventuelt<\/strong><\/li><\/ol><p><strong>\u00a0<\/strong><span style=\"color: #333333; font-family: Arial, Helvetica, sans-serif; font-size: 23px; font-style: normal; font-variant-ligatures: normal; font-variant-caps: normal; font-weight: 600;\">\u00a7 12<\/span><\/p><p><strong>Stemmeret: <\/strong>P\u00e5 generalforsamlingen, der er beslutningsdygtig uanset de fremm\u00f8dtes antal, afg\u00f8res sagerne ved simpelt flertal. Dog kr\u00e6ves 2\/3 af de afgivne stemmer til vedtagelse af vedt\u00e6gts\u00e6ndringer.<\/p><p>Stemmeberettiget p\u00e5 generalforsamlingen er ethvert medlem der er fyldt 16 \u00e5r. Stemmeretten kan kun ud\u00f8ves ved personligt fremm\u00f8de.<\/p><p>Skriftlig afstemning finder sted, n\u00e5r mindst 2 af de stemmeberettigede medlemmer \u00f8nsker dette.<\/p><h1>\u00a7 13<\/h1><p><strong>Ekstraordin\u00e6r generalforsamling: <\/strong>Skal indkaldes, n\u00e5r bestyrelsen finder det n\u00f8dvendigt, eller n\u00e5r mindst 2\/3 af de stemmeberettigede medlemmer skriftligt indgiver beg\u00e6ring herom til bestyrelsen.<\/p><h1>\u00a7 14<\/h1><p><strong>Karant\u00e6ne og ekskludering: <\/strong>S\u00e5fremt bestyrelsen finder, at hensynet til klubbens anseelse g\u00f8r det n\u00f8dvendigt, kan den id\u00f8mme et medlem karant\u00e6ne for et n\u00e6rmere fastsat tidsrum.<\/p><p>Finder bestyrelsen, at et medlem m\u00e5 ekskluderes, rettes der henvendelse til den p\u00e5g\u00e6ldende om at udmelde sig af klubben. S\u00e5fremt denne henvendelse ikke im\u00f8dekommes, afg\u00f8res sagen p\u00e5 f\u00f8rstkommende generalforsamling efter g\u00e6ldende regler.<\/p><h1>\u00a7 15<\/h1><p><strong>Oph\u00f8r af Felsted og Omegns Tennisklub: <\/strong>Beslutning om klubbens oph\u00f8r kan kun tages p\u00e5 en, i den anledning i overensstemmelse med \u00a7 11, indkaldt generalforsamling.<\/p><p>Til klubbens oph\u00e6velse kr\u00e6ves 2\/3 af stemmerne p\u00e5 2 efter hinanden f\u00f8lgende generalforsamlinger afholdt med mindst 1 m\u00e5neds mellemrum.<\/p><p>Oph\u00e6ves klubben skal dennes eventuelle midler g\u00e5 til form\u00e5l i overensstemmelse med \u00a7 1 og efter kommunalbestyrelsens godkendelse.<\/p><h1>\u00a7 16<\/h1><p><strong>Ikrafttr\u00e6den: <\/strong>Nye vedt\u00e6gter tr\u00e6der i kraft ved vedtagelsen.<\/p><p>Disse vedt\u00e6gter er revideret, \u00e6ndret og godkendt p\u00e5 den \u00e5rlige generalforsamling marts 2021.<\/p>\t\t\t\t\t\t<\/div>\n\t\t\t\t<\/div>\n\t\t\t\t\t<\/div>\n\t\t<\/div>\n\t\t\t\t\t<\/div>\n\t\t<\/section>\n\t\t\t\t<\/div>\n\t\t","protected":false},"excerpt":{"rendered":"<p>Vedt\u00e6gter for Felsted &amp; Omegns Tennisklub (Revideret marts 2021) \u00a7 1 Klubbens navn: Felsted &amp; Omegns Tennisklub og klubben har hjemsted i Aabenraa Kommune. Dens form\u00e5l er at udbrede kendskab til og f\u00e6rdighed i tennis i lokalsamfundet, samt fremskaffe de n\u00f8dvendige midler hertil. Klubben er oprettet 1991 og f\u00f8rste generalforsamling er afholdt i marts m\u00e5ned [&hellip;]<\/p>\n","protected":false},"author":1,"featured_media":0,"parent":0,"menu_order":0,"comment_status":"closed","ping_status":"closed","template":"","meta":{"ocean_post_layout":"","ocean_both_sidebars_style":"","ocean_both_sidebars_content_width":0,"ocean_both_sidebars_sidebars_width":0,"ocean_sidebar":"","ocean_second_sidebar":"","ocean_disable_margins":"enable","ocean_add_body_class":"","ocean_shortcode_before_top_bar":"","ocean_shortcode_after_top_bar":"","ocean_shortcode_before_header":"","ocean_shortcode_after_header":"","ocean_has_shortcode":"","ocean_shortcode_after_title":"","ocean_shortcode_before_footer_widgets":"","ocean_shortcode_after_footer_widgets":"","ocean_shortcode_before_footer_bottom":"","ocean_shortcode_after_footer_bottom":"","ocean_display_top_bar":"default","ocean_display_header":"default","ocean_header_style":"","ocean_center_header_left_menu":"","ocean_custom_header_template":"","ocean_custom_logo":0,"ocean_custom_retina_logo":0,"ocean_custom_logo_max_width":0,"ocean_custom_logo_tablet_max_width":0,"ocean_custom_logo_mobile_max_width":0,"ocean_custom_logo_max_height":0,"ocean_custom_logo_tablet_max_height":0,"ocean_custom_logo_mobile_max_height":0,"ocean_header_custom_menu":"","ocean_menu_typo_font_family":"","ocean_menu_typo_font_subset":"","ocean_menu_typo_font_size":0,"ocean_menu_typo_font_size_tablet":0,"ocean_menu_typo_font_size_mobile":0,"ocean_menu_typo_font_size_unit":"px","ocean_menu_typo_font_weight":"","ocean_menu_typo_font_weight_tablet":"","ocean_menu_typo_font_weight_mobile":"","ocean_menu_typo_transform":"","ocean_menu_typo_transform_tablet":"","ocean_menu_typo_transform_mobile":"","ocean_menu_typo_line_height":0,"ocean_menu_typo_line_height_tablet":0,"ocean_menu_typo_line_height_mobile":0,"ocean_menu_typo_line_height_unit":"","ocean_menu_typo_spacing":0,"ocean_menu_typo_spacing_tablet":0,"ocean_menu_typo_spacing_mobile":0,"ocean_menu_typo_spacing_unit":"","ocean_menu_link_color":"","ocean_menu_link_color_hover":"","ocean_menu_link_color_active":"","ocean_menu_link_background":"","ocean_menu_link_hover_background":"","ocean_menu_link_active_background":"","ocean_menu_social_links_bg":"","ocean_menu_social_hover_links_bg":"","ocean_menu_social_links_color":"","ocean_menu_social_hover_links_color":"","ocean_disable_title":"default","ocean_disable_heading":"default","ocean_post_title":"","ocean_post_subheading":"","ocean_post_title_style":"","ocean_post_title_background_color":"","ocean_post_title_background":0,"ocean_post_title_bg_image_position":"","ocean_post_title_bg_image_attachment":"","ocean_post_title_bg_image_repeat":"","ocean_post_title_bg_image_size":"","ocean_post_title_height":0,"ocean_post_title_bg_overlay":0.5,"ocean_post_title_bg_overlay_color":"","ocean_disable_breadcrumbs":"default","ocean_breadcrumbs_color":"","ocean_breadcrumbs_separator_color":"","ocean_breadcrumbs_links_color":"","ocean_breadcrumbs_links_hover_color":"","ocean_display_footer_widgets":"default","ocean_display_footer_bottom":"default","ocean_custom_footer_template":""},"_links":{"self":[{"href":"https:\/\/fotk.dk\/wordpress\/wp-json\/wp\/v2\/pages\/2138"}],"collection":[{"href":"https:\/\/fotk.dk\/wordpress\/wp-json\/wp\/v2\/pages"}],"about":[{"href":"https:\/\/fotk.dk\/wordpress\/wp-json\/wp\/v2\/types\/page"}],"author":[{"embeddable":true,"href":"https:\/\/fotk.dk\/wordpress\/wp-json\/wp\/v2\/users\/1"}],"replies":[{"embeddable":true,"href":"https:\/\/fotk.dk\/wordpress\/wp-json\/wp\/v2\/comments?post=2138"}],"version-history":[{"count":33,"href":"https:\/\/fotk.dk\/wordpress\/wp-json\/wp\/v2\/pages\/2138\/revisions"}],"predecessor-version":[{"id":2595,"href":"https:\/\/fotk.dk\/wordpress\/wp-json\/wp\/v2\/pages\/2138\/revisions\/2595"}],"wp:attachment":[{"href":"https:\/\/fotk.dk\/wordpress\/wp-json\/wp\/v2\/media?parent=2138"}],"curies":[{"name":"wp","href":"https:\/\/api.w.org\/{rel}","templated":true}]}}