{"id":2554,"date":"2025-04-14T14:09:21","date_gmt":"2025-04-14T12:09:21","guid":{"rendered":"https:\/\/fotk.dk\/wordpress\/?page_id=2554"},"modified":"2025-05-25T18:52:52","modified_gmt":"2025-05-25T16:52:52","slug":"bliv-medlem","status":"publish","type":"page","link":"https:\/\/fotk.dk\/wordpress\/bliv-medlem\/","title":{"rendered":"Bliv medlem"},"content":{"rendered":"\t\t<div data-elementor-type=\"wp-page\" data-elementor-id=\"2554\" class=\"elementor elementor-2554\">\n\t\t\t\t\t\t<section class=\"elementor-section elementor-top-section elementor-element elementor-element-2b7a0f5 elementor-section-boxed elementor-section-height-default elementor-section-height-default\" data-id=\"2b7a0f5\" data-element_type=\"section\">\n\t\t\t\t\t\t<div class=\"elementor-container elementor-column-gap-default\">\n\t\t\t\t\t<div class=\"elementor-column elementor-col-100 elementor-top-column elementor-element elementor-element-0e2cc77\" data-id=\"0e2cc77\" data-element_type=\"column\">\n\t\t\t<div class=\"elementor-widget-wrap elementor-element-populated\">\n\t\t\t\t\t\t<div class=\"elementor-element elementor-element-6bd3237 elementor-widget__width-initial elementor-widget elementor-widget-text-editor\" data-id=\"6bd3237\" data-element_type=\"widget\" data-widget_type=\"text-editor.default\">\n\t\t\t\t<div class=\"elementor-widget-container\">\n\t\t\t<style>\/*! elementor - v3.21.0 - 26-05-2024 *\/\n.elementor-widget-text-editor.elementor-drop-cap-view-stacked .elementor-drop-cap{background-color:#69727d;color:#fff}.elementor-widget-text-editor.elementor-drop-cap-view-framed .elementor-drop-cap{color:#69727d;border:3px solid;background-color:transparent}.elementor-widget-text-editor:not(.elementor-drop-cap-view-default) .elementor-drop-cap{margin-top:8px}.elementor-widget-text-editor:not(.elementor-drop-cap-view-default) .elementor-drop-cap-letter{width:1em;height:1em}.elementor-widget-text-editor .elementor-drop-cap{float:left;text-align:center;line-height:1;font-size:50px}.elementor-widget-text-editor .elementor-drop-cap-letter{display:inline-block}<\/style>\t\t\t\t<ul>\n<li>Download\/print nedenst\u00e5ende dokumenter (foretages bedst p\u00e5 en computer)<\/li>\n<li>Hent indmeldelsesformularen og samtykkeerkl\u00e6ringen<\/li>\n<li>Udfyld indmeldelsesformularen og send den til felstedhallen@gmail.com<\/li>\n<li>Husk at betale kontingentet og evt. adgangs-chip (kr. 50,00), der giver adgang til banerne<\/li>\n<\/ul>\t\t\t\t\t\t<\/div>\n\t\t\t\t<\/div>\n\t\t\t\t\t<\/div>\n\t\t<\/div>\n\t\t\t\t\t<\/div>\n\t\t<\/section>\n\t\t\t\t<section class=\"elementor-section elementor-top-section elementor-element elementor-element-57801080 elementor-section-boxed elementor-section-height-default elementor-section-height-default\" data-id=\"57801080\" data-element_type=\"section\">\n\t\t\t\t\t\t<div class=\"elementor-container elementor-column-gap-default\">\n\t\t\t\t\t<div class=\"elementor-column elementor-col-100 elementor-top-column elementor-element elementor-element-4d3df61b\" data-id=\"4d3df61b\" data-element_type=\"column\">\n\t\t\t<div class=\"elementor-widget-wrap elementor-element-populated\">\n\t\t\t\t\t\t<div class=\"elementor-element elementor-element-56599171 elementor-widget elementor-widget-text-editor\" data-id=\"56599171\" data-element_type=\"widget\" data-widget_type=\"text-editor.default\">\n\t\t\t\t<div class=\"elementor-widget-container\">\n\t\t\t\t\t\t\t<p><!-- wp:file {\"id\":2555,\"href\":\"https:\/\/fotk.dk\/wordpress\/wp-content\/uploads\/2025\/04\/Indmeldelses-Formular-2.xlsx\"} --><\/p>\n<h3><a id=\"wp-block-file--media-963095cd-aeb9-4c1c-b60a-50b74b90d308\" href=\"https:\/\/fotk.dk\/wordpress\/wp-content\/uploads\/2025\/05\/Indmeldelses-Formular.xlsx\">Indmeldelses-Formular &#8211; Download<\/a><\/h3>\n<p><a style=\"font-family: Arial, Helvetica, sans-serif; font-size: 0.8em; background-color: #ffffff;\" href=\"https:\/\/fotk.dk\/wordpress\/wp-content\/uploads\/2025\/05\/Samtykkeerklaering.docx\"><b>Samtykkeerklaering &#8211; Download<\/b><\/a><\/p>\n<p><!-- \/wp:file --><\/p>\t\t\t\t\t\t<\/div>\n\t\t\t\t<\/div>\n\t\t\t\t\t<\/div>\n\t\t<\/div>\n\t\t\t\t\t<\/div>\n\t\t<\/section>\n\t\t\t\t<\/div>\n\t\t","protected":false},"excerpt":{"rendered":"<p>Download\/print nedenst\u00e5ende dokumenter (foretages bedst p\u00e5 en computer) Hent indmeldelsesformularen og samtykkeerkl\u00e6ringen Udfyld indmeldelsesformularen og send den til felstedhallen@gmail.com Husk at betale kontingentet og evt. adgangs-chip (kr. 50,00), der giver adgang til banerne<\/p>\n","protected":false},"author":1,"featured_media":0,"parent":0,"menu_order":0,"comment_status":"closed","ping_status":"closed","template":"elementor_header_footer","meta":{"ocean_post_layout":"","ocean_both_sidebars_style":"","ocean_both_sidebars_content_width":0,"ocean_both_sidebars_sidebars_width":0,"ocean_sidebar":"","ocean_second_sidebar":"","ocean_disable_margins":"enable","ocean_add_body_class":"","ocean_shortcode_before_top_bar":"","ocean_shortcode_after_top_bar":"","ocean_shortcode_before_header":"","ocean_shortcode_after_header":"","ocean_has_shortcode":"","ocean_shortcode_after_title":"","ocean_shortcode_before_footer_widgets":"","ocean_shortcode_after_footer_widgets":"","ocean_shortcode_before_footer_bottom":"","ocean_shortcode_after_footer_bottom":"","ocean_display_top_bar":"default","ocean_display_header":"default","ocean_header_style":"","ocean_center_header_left_menu":"","ocean_custom_header_template":"","ocean_custom_logo":0,"ocean_custom_retina_logo":0,"ocean_custom_logo_max_width":0,"ocean_custom_logo_tablet_max_width":0,"ocean_custom_logo_mobile_max_width":0,"ocean_custom_logo_max_height":0,"ocean_custom_logo_tablet_max_height":0,"ocean_custom_logo_mobile_max_height":0,"ocean_header_custom_menu":"","ocean_menu_typo_font_family":"","ocean_menu_typo_font_subset":"","ocean_menu_typo_font_size":0,"ocean_menu_typo_font_size_tablet":0,"ocean_menu_typo_font_size_mobile":0,"ocean_menu_typo_font_size_unit":"px","ocean_menu_typo_font_weight":"","ocean_menu_typo_font_weight_tablet":"","ocean_menu_typo_font_weight_mobile":"","ocean_menu_typo_transform":"","ocean_menu_typo_transform_tablet":"","ocean_menu_typo_transform_mobile":"","ocean_menu_typo_line_height":0,"ocean_menu_typo_line_height_tablet":0,"ocean_menu_typo_line_height_mobile":0,"ocean_menu_typo_line_height_unit":"","ocean_menu_typo_spacing":0,"ocean_menu_typo_spacing_tablet":0,"ocean_menu_typo_spacing_mobile":0,"ocean_menu_typo_spacing_unit":"","ocean_menu_link_color":"","ocean_menu_link_color_hover":"","ocean_menu_link_color_active":"","ocean_menu_link_background":"","ocean_menu_link_hover_background":"","ocean_menu_link_active_background":"","ocean_menu_social_links_bg":"","ocean_menu_social_hover_links_bg":"","ocean_menu_social_links_color":"","ocean_menu_social_hover_links_color":"","ocean_disable_title":"default","ocean_disable_heading":"default","ocean_post_title":"","ocean_post_subheading":"","ocean_post_title_style":"","ocean_post_title_background_color":"","ocean_post_title_background":0,"ocean_post_title_bg_image_position":"","ocean_post_title_bg_image_attachment":"","ocean_post_title_bg_image_repeat":"","ocean_post_title_bg_image_size":"","ocean_post_title_height":0,"ocean_post_title_bg_overlay":0.5,"ocean_post_title_bg_overlay_color":"","ocean_disable_breadcrumbs":"default","ocean_breadcrumbs_color":"","ocean_breadcrumbs_separator_color":"","ocean_breadcrumbs_links_color":"","ocean_breadcrumbs_links_hover_color":"","ocean_display_footer_widgets":"default","ocean_display_footer_bottom":"default","ocean_custom_footer_template":""},"_links":{"self":[{"href":"https:\/\/fotk.dk\/wordpress\/wp-json\/wp\/v2\/pages\/2554"}],"collection":[{"href":"https:\/\/fotk.dk\/wordpress\/wp-json\/wp\/v2\/pages"}],"about":[{"href":"https:\/\/fotk.dk\/wordpress\/wp-json\/wp\/v2\/types\/page"}],"author":[{"embeddable":true,"href":"https:\/\/fotk.dk\/wordpress\/wp-json\/wp\/v2\/users\/1"}],"replies":[{"embeddable":true,"href":"https:\/\/fotk.dk\/wordpress\/wp-json\/wp\/v2\/comments?post=2554"}],"version-history":[{"count":65,"href":"https:\/\/fotk.dk\/wordpress\/wp-json\/wp\/v2\/pages\/2554\/revisions"}],"predecessor-version":[{"id":2791,"href":"https:\/\/fotk.dk\/wordpress\/wp-json\/wp\/v2\/pages\/2554\/revisions\/2791"}],"wp:attachment":[{"href":"https:\/\/fotk.dk\/wordpress\/wp-json\/wp\/v2\/media?parent=2554"}],"curies":[{"name":"wp","href":"https:\/\/api.w.org\/{rel}","templated":true}]}}